{"id":13110,"date":"2017-03-21T20:38:27","date_gmt":"2017-03-21T20:38:27","guid":{"rendered":"https:\/\/www.bookacook.at\/?page_id=13110"},"modified":"2025-11-01T08:01:25","modified_gmt":"2025-11-01T08:01:25","slug":"kontakt","status":"publish","type":"page","link":"https:\/\/www.bookacook.at\/index.php\/kontakt\/","title":{"rendered":"Kontakt"},"content":{"rendered":"<div class=\"limit-wrapper\"><div class=\"row \"><div class=\"vamtam-grid grid-1-1  vamtam-first-level grid-1-1 vamtam-add-ornaments-top first unextended no-extended-padding\" style=\"padding-top:40px;padding-bottom:20px;\" id=\"vamtam-column-3a77633f62c3b8526ad0fc7848222dc6\" ><div class=\"row \"><div class=\"vamtam-grid grid-1-1  grid-1-1  first unextended no-extended-padding\" style=\"padding-top:0.05px;padding-bottom:0.05px;\" id=\"vamtam-column-e7c497c7d1b310c27c7ed9fa922e421e\" ><p style=\"text-align: center;\"><span class='icon shortcode theme  use-hover' style='font-size:100px !important;'>&#59651;<\/span>\n<h4 style=\"text-align: center;\">Kontaktieren Sie mich &#8230;<\/h4>\n<span class=\"vamtam-blank-space \" style=\"height:10px\"><\/span>\n<p class=\"vamtam-font-style-2\" style=\"text-align: center;\">&#8230; um Ihre Anfrage zu stellen.<\/p><\/div><\/div>\n<div class=\"vamtam-blank-space  vamtam-hide-lowres\" style=\"height:40px\"><\/div>\n<div class=\"row \"><div class=\"vamtam-grid grid-1-1  grid-1-1  first unextended no-extended-padding\" style=\"padding-top:0.05px;padding-bottom:0.05px;\" id=\"vamtam-column-54130b3a9a2b38156ab710ee8df7594a\" ><p style=\"text-align: center;\">BOOK A COOK &#8211; Irene Weinfurter<br \/>\nSchacherbergstr. 26<br \/>\n4311 Schwertberg<br \/>\nTelefon: +43 664 898 63 14<br \/>\nE-Mail:\u00a0<a href=\"mailto:irene@bookacook.at\">irene@bookacook.at<\/a><\/p>\n<p style=\"text-align: center;\">Beh\u00f6rde gem. ECG: Bezirkshauptmannschaft Perg<br \/>\nUID: ATU 573 65 229<br \/>\n<a href=\"https:\/\/firmen.wko.at\/Web\/DetailsKontakt.aspx?FirmaID=33721c97-f87d-4922-a45b-16f1e598965a&amp;StandortID=0&amp;Suchbegriff=irene+weinfurter&amp;Page=1\">WKO<\/a><\/p><\/div><\/div><\/div><\/div><\/div>\n<div class=\"row \"><div class=\"vamtam-grid grid-1-1  vamtam-first-level grid-1-1  first has-background extended no-extended-padding\" style=\"\n\t\t\t\tbackground: url( &#039;https:\/\/www.bookacook.at\/wp-content\/uploads\/2017\/03\/irene_weinfurter_bild_6-1.jpg&#039; ) no-repeat center center;\n\t\t\t\tbackground-size: auto;\n\t\t\tbackground-attachment: fixed;background-color:#5e5e5e;padding-top:140px;padding-bottom:100px;\" id=\"vamtam-column-ca784da14fb349c5abe31c9e3e0d77af\" ><div class=\"limit-wrapper\"><div class=\"extended-column-inner\"><style>#vamtam-column-ca784da14fb349c5abe31c9e3e0d77af,#vamtam-column-ca784da14fb349c5abe31c9e3e0d77af p,#vamtam-column-ca784da14fb349c5abe31c9e3e0d77af em,#vamtam-column-ca784da14fb349c5abe31c9e3e0d77af h1,#vamtam-column-ca784da14fb349c5abe31c9e3e0d77af h2,#vamtam-column-ca784da14fb349c5abe31c9e3e0d77af h3,#vamtam-column-ca784da14fb349c5abe31c9e3e0d77af h4,#vamtam-column-ca784da14fb349c5abe31c9e3e0d77af h5,#vamtam-column-ca784da14fb349c5abe31c9e3e0d77af h6,#vamtam-column-ca784da14fb349c5abe31c9e3e0d77af h1 a:not(:hover),#vamtam-column-ca784da14fb349c5abe31c9e3e0d77af h2 a:not(:hover),#vamtam-column-ca784da14fb349c5abe31c9e3e0d77af h3 a:not(:hover),#vamtam-column-ca784da14fb349c5abe31c9e3e0d77af h4 a:not(:hover),#vamtam-column-ca784da14fb349c5abe31c9e3e0d77af h5 a:not(:hover),#vamtam-column-ca784da14fb349c5abe31c9e3e0d77af h6 a:not(:hover),#vamtam-column-ca784da14fb349c5abe31c9e3e0d77af .column-title,#vamtam-column-ca784da14fb349c5abe31c9e3e0d77af .sep-text h2.regular-title-wrapper,#vamtam-column-ca784da14fb349c5abe31c9e3e0d77af .text-divider-double,#vamtam-column-ca784da14fb349c5abe31c9e3e0d77af .sep-text .sep-text-line,#vamtam-column-ca784da14fb349c5abe31c9e3e0d77af .sep,#vamtam-column-ca784da14fb349c5abe31c9e3e0d77af .sep-2,#vamtam-column-ca784da14fb349c5abe31c9e3e0d77af .sep-3,#vamtam-column-ca784da14fb349c5abe31c9e3e0d77af .portfolio-filters .inner-wrapper .cbp-filter-item,#vamtam-column-ca784da14fb349c5abe31c9e3e0d77af .portfolio-filters .inner-wrapper .cbp-filter-item:hover,#vamtam-column-ca784da14fb349c5abe31c9e3e0d77af .portfolio-filters .inner-wrapper .cbp-filter-item.cbp-filter-item-active,#vamtam-column-ca784da14fb349c5abe31c9e3e0d77af td,#vamtam-column-ca784da14fb349c5abe31c9e3e0d77af th,#vamtam-column-ca784da14fb349c5abe31c9e3e0d77af caption{color:#fff;}<\/style><div class=\"row \"><div class=\"vamtam-grid grid-1-1  grid-1-1  first unextended animation-fade-in animated-active no-extended-padding\" style=\"padding-top:0.05px;padding-bottom:0.05px;\" id=\"vamtam-column-653b1ad091c0724286db8b3957514b5b\" ><h2 style=\"text-align: center;\">Wen ich noch erw\u00e4hnen m\u00f6chte &#8230;<\/h2><\/div><\/div><\/div><\/div><\/div><\/div>\n<div class=\"row \"><div class=\"vamtam-grid grid-1-1  vamtam-first-level parallax-bg grid-1-1 vamtam-add-ornaments-top first has-background extended no-extended-padding\" style=\"background-color:#ffffff;padding-top:100px;padding-bottom:100px;\" id=\"vamtam-column-75f839e0b1fa78218cc2a74635b696fb\"  data-parallax-method=\"to-centre\" data-parallax-inertia=\"0.1\"><div class=\"limit-wrapper\"><div class=\"extended-column-inner\"><style>#vamtam-column-75f839e0b1fa78218cc2a74635b696fb,#vamtam-column-75f839e0b1fa78218cc2a74635b696fb p,#vamtam-column-75f839e0b1fa78218cc2a74635b696fb em,#vamtam-column-75f839e0b1fa78218cc2a74635b696fb h1,#vamtam-column-75f839e0b1fa78218cc2a74635b696fb h2,#vamtam-column-75f839e0b1fa78218cc2a74635b696fb h3,#vamtam-column-75f839e0b1fa78218cc2a74635b696fb h4,#vamtam-column-75f839e0b1fa78218cc2a74635b696fb h5,#vamtam-column-75f839e0b1fa78218cc2a74635b696fb h6,#vamtam-column-75f839e0b1fa78218cc2a74635b696fb h1 a:not(:hover),#vamtam-column-75f839e0b1fa78218cc2a74635b696fb h2 a:not(:hover),#vamtam-column-75f839e0b1fa78218cc2a74635b696fb h3 a:not(:hover),#vamtam-column-75f839e0b1fa78218cc2a74635b696fb h4 a:not(:hover),#vamtam-column-75f839e0b1fa78218cc2a74635b696fb h5 a:not(:hover),#vamtam-column-75f839e0b1fa78218cc2a74635b696fb h6 a:not(:hover),#vamtam-column-75f839e0b1fa78218cc2a74635b696fb .column-title,#vamtam-column-75f839e0b1fa78218cc2a74635b696fb .sep-text h2.regular-title-wrapper,#vamtam-column-75f839e0b1fa78218cc2a74635b696fb .text-divider-double,#vamtam-column-75f839e0b1fa78218cc2a74635b696fb .sep-text .sep-text-line,#vamtam-column-75f839e0b1fa78218cc2a74635b696fb .sep,#vamtam-column-75f839e0b1fa78218cc2a74635b696fb .sep-2,#vamtam-column-75f839e0b1fa78218cc2a74635b696fb .sep-3,#vamtam-column-75f839e0b1fa78218cc2a74635b696fb .portfolio-filters .inner-wrapper .cbp-filter-item,#vamtam-column-75f839e0b1fa78218cc2a74635b696fb .portfolio-filters .inner-wrapper .cbp-filter-item:hover,#vamtam-column-75f839e0b1fa78218cc2a74635b696fb .portfolio-filters .inner-wrapper .cbp-filter-item.cbp-filter-item-active,#vamtam-column-75f839e0b1fa78218cc2a74635b696fb td,#vamtam-column-75f839e0b1fa78218cc2a74635b696fb th,#vamtam-column-75f839e0b1fa78218cc2a74635b696fb caption{color:#333;}#vamtam-column-75f839e0b1fa78218cc2a74635b696fb:before{background-color:#fff;}<\/style><div class=\"row \"><div class=\"vamtam-grid grid-1-1  grid-1-1  first unextended no-extended-padding\" style=\"padding-top:0.05px;padding-bottom:0.05px;\" id=\"vamtam-column-6e2d3b2507260aaace5389d4b8b23560\" ><p style=\"text-align: center;\">Website, Werbedrucksorten, Fotos &#8211; Werbeagentur Kasimir and me &#8211;\u00a0<a href=\"http:\/\/www.kasimirandme.at\" target=\"_blank\" rel=\"noopener\">www.kasimirandme.at<\/a><\/p>\n<p style=\"text-align: center;\">Fotos &#8211; VERCOS Naturkosmetik &#8211;\u00a0<a href=\"http:\/\/www.vercos.at\" target=\"_blank\" rel=\"noopener\">www.vercos.at<\/a><\/p>\n<p style=\"text-align: center;\">Fotos &#8211; Maisblau &#8211;\u00a0<a href=\"http:\/\/www.maisblau.com\" target=\"_blank\" rel=\"noopener\">www.maisblau.com<\/a><\/p>\n<p style=\"text-align: center;\">Fotos &#8211; Ulrike Brandst\u00e4tter<\/p><\/div><\/div>\n<div class=\"vamtam-blank-space \" style=\"height:30px\"><\/div>\n<div class=\"row \"><div class=\"vamtam-grid grid-1-1  grid-1-1  first unextended no-extended-padding\" style=\"padding-top:0.05px;padding-bottom:0.05px;\" id=\"vamtam-column-3f1df16d1c056fc672b198c8965b5205\" ><h3 style=\"text-align: center;\">BIO-Produkte Lieferanten<\/h3>\n<p style=\"text-align: center;\"><a href=\"http:\/\/www.lebendigeracker.at\">Bio-KULTUR-Hof &#8220;zum gr\u00fcnen Baum&#8221;<\/a>\u00a0&#8211;\u00a0<a href=\"http:\/\/www.lebendigeracker.at\" target=\"_blank\" rel=\"noopener\">www.lebendigeracker.at<\/a><\/p>\n<p style=\"text-align: center;\">SONNENTOR &#8211; <a href=\"https:\/\/www.sonnentor.com\" target=\"_blank\" rel=\"noopener\">www.sonnentor.com<\/a><\/p>\n<p style=\"text-align: center;\"><img data-attachment-id=\"13381\" data-permalink=\"https:\/\/www.bookacook.at\/index.php\/kontakt\/aronia_und_mehr_logo\/\" data-orig-file=\"https:\/\/i0.wp.com\/www.bookacook.at\/wp-content\/uploads\/2017\/03\/aronia_und_mehr_logo.jpg?fit=1239%2C1033&amp;ssl=1\" data-orig-size=\"1239,1033\" data-comments-opened=\"0\" data-image-meta=\"{&quot;aperture&quot;:&quot;0&quot;,&quot;credit&quot;:&quot;&quot;,&quot;camera&quot;:&quot;&quot;,&quot;caption&quot;:&quot;&quot;,&quot;created_timestamp&quot;:&quot;0&quot;,&quot;copyright&quot;:&quot;&quot;,&quot;focal_length&quot;:&quot;0&quot;,&quot;iso&quot;:&quot;0&quot;,&quot;shutter_speed&quot;:&quot;0&quot;,&quot;title&quot;:&quot;&quot;,&quot;orientation&quot;:&quot;1&quot;}\" data-image-title=\"Aronia uns mehr\" data-image-description=\"\" data-image-caption=\"\" data-medium-file=\"https:\/\/i0.wp.com\/www.bookacook.at\/wp-content\/uploads\/2017\/03\/aronia_und_mehr_logo.jpg?fit=300%2C250&amp;ssl=1\" data-large-file=\"https:\/\/i0.wp.com\/www.bookacook.at\/wp-content\/uploads\/2017\/03\/aronia_und_mehr_logo.jpg?fit=1024%2C854&amp;ssl=1\" decoding=\"async\" loading=\"lazy\" class=\"size-medium wp-image-13381 aligncenter\" src=\"https:\/\/i0.wp.com\/www.bookacook.at\/wp-content\/uploads\/2017\/03\/aronia_und_mehr_logo.jpg?resize=300%2C250&#038;ssl=1\" alt=\"\" width=\"300\" height=\"250\" srcset=\"https:\/\/i0.wp.com\/www.bookacook.at\/wp-content\/uploads\/2017\/03\/aronia_und_mehr_logo.jpg?resize=300%2C250&amp;ssl=1 300w, https:\/\/i0.wp.com\/www.bookacook.at\/wp-content\/uploads\/2017\/03\/aronia_und_mehr_logo.jpg?resize=1024%2C854&amp;ssl=1 1024w, https:\/\/i0.wp.com\/www.bookacook.at\/wp-content\/uploads\/2017\/03\/aronia_und_mehr_logo.jpg?resize=615%2C513&amp;ssl=1 615w, https:\/\/i0.wp.com\/www.bookacook.at\/wp-content\/uploads\/2017\/03\/aronia_und_mehr_logo.jpg?resize=1230%2C1025&amp;ssl=1 1230w, https:\/\/i0.wp.com\/www.bookacook.at\/wp-content\/uploads\/2017\/03\/aronia_und_mehr_logo.jpg?resize=400%2C333&amp;ssl=1 400w, https:\/\/i0.wp.com\/www.bookacook.at\/wp-content\/uploads\/2017\/03\/aronia_und_mehr_logo.jpg?resize=800%2C667&amp;ssl=1 800w, https:\/\/i0.wp.com\/www.bookacook.at\/wp-content\/uploads\/2017\/03\/aronia_und_mehr_logo.jpg?resize=292%2C243&amp;ssl=1 292w, https:\/\/i0.wp.com\/www.bookacook.at\/wp-content\/uploads\/2017\/03\/aronia_und_mehr_logo.jpg?resize=585%2C488&amp;ssl=1 585w, https:\/\/i0.wp.com\/www.bookacook.at\/wp-content\/uploads\/2017\/03\/aronia_und_mehr_logo.jpg?w=1239&amp;ssl=1 1239w\" sizes=\"(max-width: 300px) 100vw, 300px\" data-recalc-dims=\"1\" \/><br \/>\nBiohof Steininger &#8211;\u00a0<a href=\"https:\/\/www.aronia-und-mehr.at\" target=\"_blank\" rel=\"noopener\">www.aronia-und-mehr.at<\/a><\/p>\n<h4 style=\"text-align: center;\"><\/h4><\/div><\/div>\n<div class=\"vamtam-blank-space \" style=\"height:30px\"><\/div>\n<div class=\"sep\"><\/div>\n<div class=\"row \"><div class=\"vamtam-grid grid-1-1  grid-1-1  first unextended no-extended-padding\" style=\"padding-top:0.05px;padding-bottom:0.05px;\" id=\"vamtam-column-629ce6a2fa5dbfe3bdc0df4ee82bfc7d\" ><h3 style=\"text-align: center;\">Locations<\/h3>\n<p style=\"text-align: center;\"><strong>P\u00f6ppinger Gut\u00a0<\/strong><\/p>\n<div style=\"text-align: center;\">Sie tr\u00e4umen von Ihrem Ja-Wort unter freiem Himmel, umgeben von der atemberaubend sch\u00f6nen Kulisse der Natur, vor den stillen Zeugen der Berge?<br \/>\nOder lieber den modernen Style von Altholz in dem neu errichteten Stadl? Sie suchen den Komfort einer Location, die neben einem feierlichen Rahmen alle logistischen Annehmlichkeiten bietet, die Ihre Hochzeit vorsieht? Nur kurze Fu\u00dfwege sollen Trau-Zeremonie, Hochzeitsfest und Brautstehlen miteinander verbinden? Selbst wenn der Himmel vor R\u00fchrung weint, m\u00f6gen alle ihre G\u00e4ste eine ebenb\u00fcrtige, \u00fcberdachte M\u00f6glichkeit zum Feiern aufsuchen k\u00f6nnen?<br \/>\nDann sind Sie bei uns richtig!<\/div>\n<p style=\"text-align: center;\"><img data-attachment-id=\"13901\" data-permalink=\"https:\/\/www.bookacook.at\/index.php\/kontakt\/logopoepingergut-3000x1117\/\" data-orig-file=\"https:\/\/i0.wp.com\/www.bookacook.at\/wp-content\/uploads\/2023\/05\/LogoPoepingerGut-3000x1117-1.png?fit=3000%2C1118&amp;ssl=1\" data-orig-size=\"3000,1118\" data-comments-opened=\"1\" data-image-meta=\"{&quot;aperture&quot;:&quot;0&quot;,&quot;credit&quot;:&quot;&quot;,&quot;camera&quot;:&quot;&quot;,&quot;caption&quot;:&quot;&quot;,&quot;created_timestamp&quot;:&quot;0&quot;,&quot;copyright&quot;:&quot;&quot;,&quot;focal_length&quot;:&quot;0&quot;,&quot;iso&quot;:&quot;0&quot;,&quot;shutter_speed&quot;:&quot;0&quot;,&quot;title&quot;:&quot;&quot;,&quot;orientation&quot;:&quot;0&quot;}\" data-image-title=\"LogoPoepingerGut-3000&#215;1117\" data-image-description=\"\" data-image-caption=\"\" data-medium-file=\"https:\/\/i0.wp.com\/www.bookacook.at\/wp-content\/uploads\/2023\/05\/LogoPoepingerGut-3000x1117-1.png?fit=300%2C112&amp;ssl=1\" data-large-file=\"https:\/\/i0.wp.com\/www.bookacook.at\/wp-content\/uploads\/2023\/05\/LogoPoepingerGut-3000x1117-1.png?fit=1024%2C382&amp;ssl=1\" decoding=\"async\" loading=\"lazy\" class=\"aligncenter wp-image-13901 size-medium\" src=\"https:\/\/i0.wp.com\/www.bookacook.at\/wp-content\/uploads\/2023\/05\/LogoPoepingerGut-3000x1117-1.png?resize=300%2C112&#038;ssl=1\" alt=\"P\u00f6ppinger Gut Eventlocation\" width=\"300\" height=\"112\" srcset=\"https:\/\/i0.wp.com\/www.bookacook.at\/wp-content\/uploads\/2023\/05\/LogoPoepingerGut-3000x1117-1.png?resize=300%2C112&amp;ssl=1 300w, https:\/\/i0.wp.com\/www.bookacook.at\/wp-content\/uploads\/2023\/05\/LogoPoepingerGut-3000x1117-1.png?resize=1024%2C382&amp;ssl=1 1024w, https:\/\/i0.wp.com\/www.bookacook.at\/wp-content\/uploads\/2023\/05\/LogoPoepingerGut-3000x1117-1.png?resize=1536%2C572&amp;ssl=1 1536w, https:\/\/i0.wp.com\/www.bookacook.at\/wp-content\/uploads\/2023\/05\/LogoPoepingerGut-3000x1117-1.png?resize=2048%2C763&amp;ssl=1 2048w, https:\/\/i0.wp.com\/www.bookacook.at\/wp-content\/uploads\/2023\/05\/LogoPoepingerGut-3000x1117-1.png?resize=1260%2C470&amp;ssl=1 1260w, https:\/\/i0.wp.com\/www.bookacook.at\/wp-content\/uploads\/2023\/05\/LogoPoepingerGut-3000x1117-1.png?resize=615%2C229&amp;ssl=1 615w, https:\/\/i0.wp.com\/www.bookacook.at\/wp-content\/uploads\/2023\/05\/LogoPoepingerGut-3000x1117-1.png?resize=1230%2C458&amp;ssl=1 1230w, https:\/\/i0.wp.com\/www.bookacook.at\/wp-content\/uploads\/2023\/05\/LogoPoepingerGut-3000x1117-1.png?resize=400%2C149&amp;ssl=1 400w, https:\/\/i0.wp.com\/www.bookacook.at\/wp-content\/uploads\/2023\/05\/LogoPoepingerGut-3000x1117-1.png?resize=800%2C298&amp;ssl=1 800w, https:\/\/i0.wp.com\/www.bookacook.at\/wp-content\/uploads\/2023\/05\/LogoPoepingerGut-3000x1117-1.png?resize=292%2C109&amp;ssl=1 292w, https:\/\/i0.wp.com\/www.bookacook.at\/wp-content\/uploads\/2023\/05\/LogoPoepingerGut-3000x1117-1.png?resize=585%2C218&amp;ssl=1 585w, https:\/\/i0.wp.com\/www.bookacook.at\/wp-content\/uploads\/2023\/05\/LogoPoepingerGut-3000x1117-1.png?w=2520&amp;ssl=1 2520w\" sizes=\"(max-width: 300px) 100vw, 300px\" data-recalc-dims=\"1\" \/><\/p>\n<p style=\"text-align: center;\"><a href=\"https:\/\/www.poeppingergut.at\" target=\"_blank\" rel=\"noopener\">www.p\u00f6ppingergut.at<\/a><\/p>\n<p style=\"text-align: center;\"><\/div><\/div>\n<div class=\"vamtam-blank-space \" style=\"height:30px\"><\/div>\n<div class=\"sep\"><\/div>\n<div class=\"row \"><div class=\"vamtam-grid grid-1-1  grid-1-1  first unextended no-extended-padding\" style=\"padding-top:0.05px;padding-bottom:0.05px;\" id=\"vamtam-column-1417d3988b5134312f847a1ae5489bc5\" ><h4 style=\"text-align: center;\"><\/h4>\n<p style=\"text-align: center;\"><strong>Hofzeit<\/strong><\/p>\n<p style=\"text-align: center;\">Herzlich willkommen in der Hofzeit. Eine wunderscho\u0308ne Location im neu gestalteten Saal, der keine Wu\u0308nsche offen la\u0308sst. Es erwartet euch eine tolle Atmospha\u0308re direkt im gru\u0308nen Herzen des Hausruckviertels.<\/p>\n<p style=\"text-align: center;\">Ein idyllischer Innenhof mit u\u0308berdachten Arkaden bietet sich an, eure Ga\u0308ste bei Sekt zu empfangen. Ein weitla\u0308ufiger Garten mit alten und neuen Baumbesta\u0308nden wartet auf euch und euren Fotografen, um die scho\u0308nsten Bilder eures Traumtages einzufangen.<\/p>\n<p style=\"text-align: center;\">Individualita\u0308t &amp; Leidenschaft wird bei uns GROSSgeschrieben. Vom Tisch bis zum Sessel finden ihr alles fu\u0308r eure Hochzeitstafel.<\/p>\n<p style=\"text-align: center;\">Eine professionelle Musikanlage in Konzertqualita\u0308t sowie eine ambitionierte Lichtanlage lassen nicht nur das Herz ein wenig ho\u0308her schlagen und la\u0308dt eure Ga\u0308ste zum Tanz bis in die Morgenstunden.<\/p>\n<p style=\"text-align: center;\">So zaubern wir Augenblicke, die euch und euren Freunden lange in Erinnerung bleiben werden. Fu\u0308r eine perfekte Hochzeit. Fu\u0308r Euren Traumtag.<\/p>\n<p style=\"text-align: center;\"><strong><a href=\"http:\/\/www.hofzeit.at\" target=\"_blank\" rel=\"noopener\">www.hofzeit.at<\/a><\/strong><\/p>\n<p style=\"text-align: center;\"><img data-attachment-id=\"13961\" data-permalink=\"https:\/\/www.bookacook.at\/index.php\/kontakt\/saal-brautplatz-hell\/\" data-orig-file=\"https:\/\/i0.wp.com\/www.bookacook.at\/wp-content\/uploads\/2025\/11\/Saal-Brautplatz-hell-scaled.jpg?fit=2560%2C1706&amp;ssl=1\" data-orig-size=\"2560,1706\" data-comments-opened=\"1\" data-image-meta=\"{&quot;aperture&quot;:&quot;0&quot;,&quot;credit&quot;:&quot;Dominika Hilbert-Strasser&quot;,&quot;camera&quot;:&quot;&quot;,&quot;caption&quot;:&quot;&quot;,&quot;created_timestamp&quot;:&quot;0&quot;,&quot;copyright&quot;:&quot;Dominika Photography&quot;,&quot;focal_length&quot;:&quot;0&quot;,&quot;iso&quot;:&quot;0&quot;,&quot;shutter_speed&quot;:&quot;0&quot;,&quot;title&quot;:&quot;&quot;,&quot;orientation&quot;:&quot;0&quot;}\" data-image-title=\"Hofzeit\" data-image-description=\"\" data-image-caption=\"\" data-medium-file=\"https:\/\/i0.wp.com\/www.bookacook.at\/wp-content\/uploads\/2025\/11\/Saal-Brautplatz-hell-scaled.jpg?fit=300%2C200&amp;ssl=1\" data-large-file=\"https:\/\/i0.wp.com\/www.bookacook.at\/wp-content\/uploads\/2025\/11\/Saal-Brautplatz-hell-scaled.jpg?fit=1024%2C683&amp;ssl=1\" decoding=\"async\" loading=\"lazy\" class=\"aligncenter wp-image-13961 size-large\" src=\"https:\/\/i0.wp.com\/www.bookacook.at\/wp-content\/uploads\/2025\/11\/Saal-Brautplatz-hell.jpg?resize=1024%2C683&#038;ssl=1\" alt=\"Hofzeit\" width=\"1024\" height=\"683\" srcset=\"https:\/\/i0.wp.com\/www.bookacook.at\/wp-content\/uploads\/2025\/11\/Saal-Brautplatz-hell-scaled.jpg?resize=1024%2C683&amp;ssl=1 1024w, https:\/\/i0.wp.com\/www.bookacook.at\/wp-content\/uploads\/2025\/11\/Saal-Brautplatz-hell-scaled.jpg?resize=300%2C200&amp;ssl=1 300w, https:\/\/i0.wp.com\/www.bookacook.at\/wp-content\/uploads\/2025\/11\/Saal-Brautplatz-hell-scaled.jpg?resize=1536%2C1024&amp;ssl=1 1536w, https:\/\/i0.wp.com\/www.bookacook.at\/wp-content\/uploads\/2025\/11\/Saal-Brautplatz-hell-scaled.jpg?resize=2048%2C1365&amp;ssl=1 2048w, https:\/\/i0.wp.com\/www.bookacook.at\/wp-content\/uploads\/2025\/11\/Saal-Brautplatz-hell-scaled.jpg?resize=1260%2C840&amp;ssl=1 1260w, https:\/\/i0.wp.com\/www.bookacook.at\/wp-content\/uploads\/2025\/11\/Saal-Brautplatz-hell-scaled.jpg?resize=615%2C410&amp;ssl=1 615w, https:\/\/i0.wp.com\/www.bookacook.at\/wp-content\/uploads\/2025\/11\/Saal-Brautplatz-hell-scaled.jpg?resize=1230%2C820&amp;ssl=1 1230w, https:\/\/i0.wp.com\/www.bookacook.at\/wp-content\/uploads\/2025\/11\/Saal-Brautplatz-hell-scaled.jpg?resize=400%2C267&amp;ssl=1 400w, https:\/\/i0.wp.com\/www.bookacook.at\/wp-content\/uploads\/2025\/11\/Saal-Brautplatz-hell-scaled.jpg?resize=800%2C533&amp;ssl=1 800w, https:\/\/i0.wp.com\/www.bookacook.at\/wp-content\/uploads\/2025\/11\/Saal-Brautplatz-hell-scaled.jpg?resize=292%2C195&amp;ssl=1 292w, https:\/\/i0.wp.com\/www.bookacook.at\/wp-content\/uploads\/2025\/11\/Saal-Brautplatz-hell-scaled.jpg?resize=585%2C390&amp;ssl=1 585w, https:\/\/i0.wp.com\/www.bookacook.at\/wp-content\/uploads\/2025\/11\/Saal-Brautplatz-hell-scaled.jpg?w=2520&amp;ssl=1 2520w\" sizes=\"(max-width: 1024px) 100vw, 1024px\" data-recalc-dims=\"1\" \/><\/p><\/div><\/div>\n<div class=\"vamtam-blank-space \" style=\"height:30px\"><\/div>\n<div class=\"sep\"><\/div>\n<div class=\"row \"><div class=\"vamtam-grid grid-1-1  grid-1-1  first unextended no-extended-padding\" style=\"padding-top:0.05px;padding-bottom:0.05px;\" id=\"vamtam-column-b91f5ea2f44d964064b44f2b97204f0c\" ><h4 style=\"text-align: center;\"><\/h4>\n<p style=\"text-align: center;\"><strong>Voices And Music<\/strong><\/p>\n<p style=\"text-align: center;\">DIE Liveband aus Ober\u00f6sterreich f\u00fcr alle Anl\u00e4sse. Vom Duo bis zur Tanzband mit 2 S\u00e4ngerinnen passen sie sich Ihren W\u00fcnschen und dem Budget an.<br \/>\nMit angenehmer Dinnermusik, legend\u00e4ren Hits bis zu aktuellen Partyrhythmen ist perfekte Stimmung garantiert. Voices And Music geh\u00f6ren geh\u00f6rt!<\/p>\n<p style=\"text-align: center;\"><a href=\"http:\/\/www.voicesandmusic.at\" target=\"_blank\" rel=\"noopener\"><strong>www.voicesandmusic.at<\/strong><\/a><\/p><\/div><\/div>\n<div class=\"row \"><div class=\"vamtam-grid grid-1-1  grid-1-1  first unextended no-extended-padding\" style=\"padding-top:0.05px;padding-bottom:0.05px;\" id=\"vamtam-column-aa62067bdac73b5c4bf7fb0794234e34\" ><p><img data-attachment-id=\"13673\" data-permalink=\"https:\/\/www.bookacook.at\/index.php\/kontakt\/voicesandmusic-hochzeitsband-tanzband\/\" data-orig-file=\"https:\/\/i0.wp.com\/www.bookacook.at\/wp-content\/uploads\/2020\/01\/VoicesAndMusic-Hochzeitsband-Tanzband.jpg?fit=1100%2C733&amp;ssl=1\" data-orig-size=\"1100,733\" data-comments-opened=\"1\" data-image-meta=\"{&quot;aperture&quot;:&quot;0&quot;,&quot;credit&quot;:&quot;&quot;,&quot;camera&quot;:&quot;&quot;,&quot;caption&quot;:&quot;&quot;,&quot;created_timestamp&quot;:&quot;0&quot;,&quot;copyright&quot;:&quot;Claudia Ernecker&quot;,&quot;focal_length&quot;:&quot;0&quot;,&quot;iso&quot;:&quot;0&quot;,&quot;shutter_speed&quot;:&quot;0&quot;,&quot;title&quot;:&quot;&quot;,&quot;orientation&quot;:&quot;0&quot;}\" data-image-title=\"VoicesAndMusic-Hochzeitsband-Tanzband\" data-image-description=\"\" data-image-caption=\"\" data-medium-file=\"https:\/\/i0.wp.com\/www.bookacook.at\/wp-content\/uploads\/2020\/01\/VoicesAndMusic-Hochzeitsband-Tanzband.jpg?fit=300%2C200&amp;ssl=1\" data-large-file=\"https:\/\/i0.wp.com\/www.bookacook.at\/wp-content\/uploads\/2020\/01\/VoicesAndMusic-Hochzeitsband-Tanzband.jpg?fit=1024%2C682&amp;ssl=1\" decoding=\"async\" loading=\"lazy\" class=\"aligncenter wp-image-13673 size-full\" src=\"https:\/\/i0.wp.com\/www.bookacook.at\/wp-content\/uploads\/2020\/01\/VoicesAndMusic-Hochzeitsband-Tanzband.jpg?resize=1100%2C733&#038;ssl=1\" alt=\"\" width=\"1100\" height=\"733\" srcset=\"https:\/\/i0.wp.com\/www.bookacook.at\/wp-content\/uploads\/2020\/01\/VoicesAndMusic-Hochzeitsband-Tanzband.jpg?w=1100&amp;ssl=1 1100w, https:\/\/i0.wp.com\/www.bookacook.at\/wp-content\/uploads\/2020\/01\/VoicesAndMusic-Hochzeitsband-Tanzband.jpg?resize=300%2C200&amp;ssl=1 300w, https:\/\/i0.wp.com\/www.bookacook.at\/wp-content\/uploads\/2020\/01\/VoicesAndMusic-Hochzeitsband-Tanzband.jpg?resize=1024%2C682&amp;ssl=1 1024w, https:\/\/i0.wp.com\/www.bookacook.at\/wp-content\/uploads\/2020\/01\/VoicesAndMusic-Hochzeitsband-Tanzband.jpg?resize=615%2C410&amp;ssl=1 615w, https:\/\/i0.wp.com\/www.bookacook.at\/wp-content\/uploads\/2020\/01\/VoicesAndMusic-Hochzeitsband-Tanzband.jpg?resize=400%2C267&amp;ssl=1 400w, https:\/\/i0.wp.com\/www.bookacook.at\/wp-content\/uploads\/2020\/01\/VoicesAndMusic-Hochzeitsband-Tanzband.jpg?resize=800%2C533&amp;ssl=1 800w, https:\/\/i0.wp.com\/www.bookacook.at\/wp-content\/uploads\/2020\/01\/VoicesAndMusic-Hochzeitsband-Tanzband.jpg?resize=292%2C195&amp;ssl=1 292w, https:\/\/i0.wp.com\/www.bookacook.at\/wp-content\/uploads\/2020\/01\/VoicesAndMusic-Hochzeitsband-Tanzband.jpg?resize=585%2C390&amp;ssl=1 585w\" sizes=\"(max-width: 1100px) 100vw, 1100px\" data-recalc-dims=\"1\" \/><\/p><\/div><\/div><\/div><\/div><\/div><\/div>\n","protected":false},"excerpt":{"rendered":"<p>Kontaktieren Sie mich &#8230; &#8230; um Ihre Anfrage zu stellen. BOOK A COOK &#8211; Irene Weinfurter Schacherbergstr. 26 4311 Schwertberg Telefon: +43 664 898 63 14 E-Mail:\u00a0irene@bookacook.at Beh\u00f6rde gem. ECG: Bezirkshauptmannschaft Perg UID: ATU 573 65 229 WKO Wen ich&#8230;<\/p>\n","protected":false},"author":1,"featured_media":0,"parent":0,"menu_order":0,"comment_status":"closed","ping_status":"closed","template":"","meta":{"om_disable_all_campaigns":false,"footnotes":""},"jetpack_shortlink":"https:\/\/wp.me\/PexS6b-3ps","jetpack_sharing_enabled":false,"_links":{"self":[{"href":"https:\/\/www.bookacook.at\/index.php\/wp-json\/wp\/v2\/pages\/13110"}],"collection":[{"href":"https:\/\/www.bookacook.at\/index.php\/wp-json\/wp\/v2\/pages"}],"about":[{"href":"https:\/\/www.bookacook.at\/index.php\/wp-json\/wp\/v2\/types\/page"}],"author":[{"embeddable":true,"href":"https:\/\/www.bookacook.at\/index.php\/wp-json\/wp\/v2\/users\/1"}],"replies":[{"embeddable":true,"href":"https:\/\/www.bookacook.at\/index.php\/wp-json\/wp\/v2\/comments?post=13110"}],"version-history":[{"count":58,"href":"https:\/\/www.bookacook.at\/index.php\/wp-json\/wp\/v2\/pages\/13110\/revisions"}],"predecessor-version":[{"id":13965,"href":"https:\/\/www.bookacook.at\/index.php\/wp-json\/wp\/v2\/pages\/13110\/revisions\/13965"}],"wp:attachment":[{"href":"https:\/\/www.bookacook.at\/index.php\/wp-json\/wp\/v2\/media?parent=13110"}],"curies":[{"name":"wp","href":"https:\/\/api.w.org\/{rel}","templated":true}]}}