{"id":13126,"date":"2017-03-21T21:17:43","date_gmt":"2017-03-21T21:17:43","guid":{"rendered":"https:\/\/www.bookacook.at\/?page_id=13126"},"modified":"2017-04-26T20:02:53","modified_gmt":"2017-04-26T20:02:53","slug":"irene-weinfurter","status":"publish","type":"page","link":"https:\/\/www.bookacook.at\/index.php\/irene-weinfurter\/","title":{"rendered":"Irene Weinfurter"},"content":{"rendered":"<div class=\"limit-wrapper\"><div class=\"row \"><div class=\"vamtam-grid grid-1-1  vamtam-first-level grid-1-1 vamtam-add-ornaments-top first unextended no-extended-padding\" style=\"padding-top:40px;padding-bottom:20px;\" id=\"vamtam-column-d5f8828c312f41a19d09403c79dfd15f\" ><div class=\"row \"><div class=\"vamtam-grid grid-1-1  grid-1-1  first unextended no-extended-padding\" style=\"padding-top:0.05px;padding-bottom:0.05px;\" id=\"vamtam-column-284a4f138f9ca60ac92602cf266cd081\" ><p style=\"text-align: center;\"><span class='icon shortcode theme  use-hover' style='font-size:100px !important;'>&#59651;<\/span>\n<h4 style=\"text-align: center;\">Interview<\/h4>\n<span class=\"vamtam-blank-space \" style=\"height:10px\"><\/span>\n<p class=\"vamtam-font-style-2\" style=\"text-align: center;\">Das bin ich, das kann ich<\/p><\/div><\/div>\n<div class=\"vamtam-blank-space  vamtam-hide-lowres\" style=\"height:40px\"><\/div>\n<div class=\"row \"><div class=\"vamtam-grid grid-1-1  grid-1-1  first unextended no-extended-padding\" style=\"padding-top:0.05px;padding-bottom:0.05px;\" id=\"vamtam-column-a06f0bf99ae9b9b8da8fb5616068da7e\" ><p>Was macht Dich gl\u00fccklich<br \/>\n<em>Liebe, kochen, Feste\u00a0gestalten, Gastgeber zu sein, Musik, Natur und wirklich guten Wein<\/em><\/p>\n<p>Woher bekommst Du Deine Rezepte<br \/>\n<em>Die entstehen in meinem Kopf und ich lasse mich von Bildern inspirieren<\/em><\/p>\n<p>Wo isst zu am liebsten<br \/>\n<em>Zu Hause oder in der Natur<br \/>\n<\/em><br \/>\nWas\u00a0 brauchst Du f\u00fcr ein perfektes Essen<br \/>\n<em>Einen freien Kopf &#8211; und ehrliche Produkte<\/em><\/p>\n<p style=\"text-align: left;\">Wo kaufst Du Deine\u00a0Zutaten<br \/>\n<em>Beim Bauern und am Markt<\/em><\/p>\n<p>Wo hast Du das beste Essen gegessen<br \/>\n<em>Restaurant Chezpanisse San Franzisco<\/em><\/p>\n<p style=\"text-align: left;\">Was waren die typischen Gerichte Deiner Kindheit<br \/>\n<em>Kn\u00f6del und ein herrlicher Braten, dazu das Gem\u00fcse aus dem Garten meines Vaters &#8211; er war G\u00e4rtner<\/em><\/p>\n<p>Was magst Du noch an Hochzeiten<br \/>\n<em>Dekoration mit altem Geschirr meiner Familie<\/em><\/p>\n<p>Was\u00a0 isst Du am Liebsten<br \/>\n<em>Gutes, selbst gebackenes Brot mit Butter und Schnittlauch<\/em><\/p>\n<p>Dein liebstes K\u00fcchenutensil<br \/>\n<em>Eine alte Kaffeekanne f\u00fcr Filterkaffee, die ich von Mexiko bis Alaska geschleppt habe <\/em><br \/>\n<em>und aus der ich seit 30 Jahren meinen Kaffee trinke (no plastic is fun)<\/em><\/p>\n<p>Was inspiriert Dich<br \/>\n<em>Die Freude meiner tollen Kunden, wenn mein Essen schmeckt <\/em><\/p><\/div><\/div><\/div><\/div><\/div>\n<div class=\"limit-wrapper\"><div class=\"row \"><div class=\"vamtam-grid grid-1-1  vamtam-first-level grid-1-1  first unextended no-extended-padding\" style=\"padding-top:0.05px;padding-bottom:0.05px;\" id=\"vamtam-column-45d3634ba0ced99dccd0d177ce6d5365\" ><p><img data-attachment-id=\"13024\" data-permalink=\"https:\/\/www.bookacook.at\/index.php\/catering\/masche\/\" data-orig-file=\"https:\/\/i0.wp.com\/www.bookacook.at\/wp-content\/uploads\/2017\/03\/masche.gif?fit=571%2C64&amp;ssl=1\" data-orig-size=\"571,64\" data-comments-opened=\"0\" data-image-meta=\"{&quot;aperture&quot;:&quot;0&quot;,&quot;credit&quot;:&quot;&quot;,&quot;camera&quot;:&quot;&quot;,&quot;caption&quot;:&quot;&quot;,&quot;created_timestamp&quot;:&quot;0&quot;,&quot;copyright&quot;:&quot;&quot;,&quot;focal_length&quot;:&quot;0&quot;,&quot;iso&quot;:&quot;0&quot;,&quot;shutter_speed&quot;:&quot;0&quot;,&quot;title&quot;:&quot;&quot;,&quot;orientation&quot;:&quot;0&quot;}\" data-image-title=\"BOOK A COOK &#8211; Irene Weinfurter\" data-image-description=\"\" data-image-caption=\"\" data-medium-file=\"https:\/\/i0.wp.com\/www.bookacook.at\/wp-content\/uploads\/2017\/03\/masche.gif?fit=300%2C34&amp;ssl=1\" data-large-file=\"https:\/\/i0.wp.com\/www.bookacook.at\/wp-content\/uploads\/2017\/03\/masche.gif?fit=571%2C64&amp;ssl=1\" decoding=\"async\" loading=\"lazy\" class=\"size-full wp-image-13024 aligncenter\" src=\"https:\/\/i0.wp.com\/www.bookacook.at\/wp-content\/uploads\/2017\/03\/masche.gif?resize=571%2C64&#038;ssl=1\" alt=\"\" width=\"571\" height=\"64\" data-recalc-dims=\"1\" \/><\/p><\/div><\/div><\/div>\n<div class=\"limit-wrapper\"><div class=\"row \"><div class=\"vamtam-grid grid-1-1  vamtam-first-level grid-1-1  first unextended no-extended-padding\" style=\"padding-top:0.05px;padding-bottom:0.05px;\" id=\"vamtam-column-8584ef6093cb02a141c3d98ebc8caad1\" ><p><img data-attachment-id=\"13141\" data-permalink=\"https:\/\/www.bookacook.at\/index.php\/irene-weinfurter\/irene_weinfurter_hinten-4\/\" data-orig-file=\"https:\/\/i0.wp.com\/www.bookacook.at\/wp-content\/uploads\/2017\/03\/irene_weinfurter_hinten-3.jpg?fit=1255%2C980&amp;ssl=1\" data-orig-size=\"1255,980\" data-comments-opened=\"0\" data-image-meta=\"{&quot;aperture&quot;:&quot;0&quot;,&quot;credit&quot;:&quot;&quot;,&quot;camera&quot;:&quot;&quot;,&quot;caption&quot;:&quot;&quot;,&quot;created_timestamp&quot;:&quot;0&quot;,&quot;copyright&quot;:&quot;&quot;,&quot;focal_length&quot;:&quot;0&quot;,&quot;iso&quot;:&quot;0&quot;,&quot;shutter_speed&quot;:&quot;0&quot;,&quot;title&quot;:&quot;&quot;,&quot;orientation&quot;:&quot;0&quot;}\" data-image-title=\"BOOK A COOK &#8211; Irene Weinfurter\" data-image-description=\"\" data-image-caption=\"\" data-medium-file=\"https:\/\/i0.wp.com\/www.bookacook.at\/wp-content\/uploads\/2017\/03\/irene_weinfurter_hinten-3.jpg?fit=300%2C234&amp;ssl=1\" data-large-file=\"https:\/\/i0.wp.com\/www.bookacook.at\/wp-content\/uploads\/2017\/03\/irene_weinfurter_hinten-3.jpg?fit=1024%2C800&amp;ssl=1\" decoding=\"async\" loading=\"lazy\" class=\"size-full wp-image-13141 aligncenter\" src=\"https:\/\/i0.wp.com\/www.bookacook.at\/wp-content\/uploads\/2017\/03\/irene_weinfurter_hinten-3.jpg?resize=1255%2C980&#038;ssl=1\" alt=\"\" width=\"1255\" height=\"980\" srcset=\"https:\/\/i0.wp.com\/www.bookacook.at\/wp-content\/uploads\/2017\/03\/irene_weinfurter_hinten-3.jpg?w=1255&amp;ssl=1 1255w, https:\/\/i0.wp.com\/www.bookacook.at\/wp-content\/uploads\/2017\/03\/irene_weinfurter_hinten-3.jpg?resize=300%2C234&amp;ssl=1 300w, https:\/\/i0.wp.com\/www.bookacook.at\/wp-content\/uploads\/2017\/03\/irene_weinfurter_hinten-3.jpg?resize=1024%2C800&amp;ssl=1 1024w, https:\/\/i0.wp.com\/www.bookacook.at\/wp-content\/uploads\/2017\/03\/irene_weinfurter_hinten-3.jpg?resize=615%2C480&amp;ssl=1 615w, https:\/\/i0.wp.com\/www.bookacook.at\/wp-content\/uploads\/2017\/03\/irene_weinfurter_hinten-3.jpg?resize=1230%2C960&amp;ssl=1 1230w, https:\/\/i0.wp.com\/www.bookacook.at\/wp-content\/uploads\/2017\/03\/irene_weinfurter_hinten-3.jpg?resize=400%2C312&amp;ssl=1 400w, https:\/\/i0.wp.com\/www.bookacook.at\/wp-content\/uploads\/2017\/03\/irene_weinfurter_hinten-3.jpg?resize=800%2C625&amp;ssl=1 800w, https:\/\/i0.wp.com\/www.bookacook.at\/wp-content\/uploads\/2017\/03\/irene_weinfurter_hinten-3.jpg?resize=292%2C228&amp;ssl=1 292w, https:\/\/i0.wp.com\/www.bookacook.at\/wp-content\/uploads\/2017\/03\/irene_weinfurter_hinten-3.jpg?resize=585%2C457&amp;ssl=1 585w\" sizes=\"(max-width: 1255px) 100vw, 1255px\" data-recalc-dims=\"1\" \/><\/p><\/div><\/div><\/div>\n<div class=\"limit-wrapper\"><div class=\"row \"><div class=\"vamtam-grid grid-1-1  vamtam-first-level grid-1-1  first unextended no-extended-padding\" style=\"padding-top:0.05px;padding-bottom:0.05px;\" id=\"vamtam-column-af29db9964428aa99c8df6e4c14621b1\" ><p><img data-attachment-id=\"13020\" data-permalink=\"https:\/\/www.bookacook.at\/index.php\/catering\/linie-3\/\" data-orig-file=\"https:\/\/i0.wp.com\/www.bookacook.at\/wp-content\/uploads\/2017\/03\/linie-2.gif?fit=1256%2C13&amp;ssl=1\" data-orig-size=\"1256,13\" data-comments-opened=\"0\" data-image-meta=\"{&quot;aperture&quot;:&quot;0&quot;,&quot;credit&quot;:&quot;&quot;,&quot;camera&quot;:&quot;&quot;,&quot;caption&quot;:&quot;&quot;,&quot;created_timestamp&quot;:&quot;0&quot;,&quot;copyright&quot;:&quot;&quot;,&quot;focal_length&quot;:&quot;0&quot;,&quot;iso&quot;:&quot;0&quot;,&quot;shutter_speed&quot;:&quot;0&quot;,&quot;title&quot;:&quot;&quot;,&quot;orientation&quot;:&quot;0&quot;}\" data-image-title=\"BOOK A COOK &#8211; Irene Weinfurter\" data-image-description=\"\" data-image-caption=\"\" data-medium-file=\"https:\/\/i0.wp.com\/www.bookacook.at\/wp-content\/uploads\/2017\/03\/linie-2.gif?fit=300%2C3&amp;ssl=1\" data-large-file=\"https:\/\/i0.wp.com\/www.bookacook.at\/wp-content\/uploads\/2017\/03\/linie-2.gif?fit=1024%2C11&amp;ssl=1\" decoding=\"async\" loading=\"lazy\" class=\"size-full wp-image-13020 aligncenter\" src=\"https:\/\/i0.wp.com\/www.bookacook.at\/wp-content\/uploads\/2017\/03\/linie-2.gif?resize=1256%2C13&#038;ssl=1\" alt=\"\" width=\"1256\" height=\"13\" data-recalc-dims=\"1\" \/><\/p><\/div><\/div><\/div>\n","protected":false},"excerpt":{"rendered":"<p>Interview Das bin ich, das kann ich Was macht Dich gl\u00fccklich Liebe, kochen, Feste\u00a0gestalten, Gastgeber zu sein, Musik, Natur und wirklich guten Wein Woher bekommst Du Deine Rezepte Die entstehen in meinem Kopf und ich lasse mich von Bildern inspirieren&#8230;<\/p>\n","protected":false},"author":1,"featured_media":0,"parent":0,"menu_order":0,"comment_status":"closed","ping_status":"closed","template":"","meta":{"om_disable_all_campaigns":false,"footnotes":""},"jetpack_shortlink":"https:\/\/wp.me\/PexS6b-3pI","jetpack_sharing_enabled":false,"_links":{"self":[{"href":"https:\/\/www.bookacook.at\/index.php\/wp-json\/wp\/v2\/pages\/13126"}],"collection":[{"href":"https:\/\/www.bookacook.at\/index.php\/wp-json\/wp\/v2\/pages"}],"about":[{"href":"https:\/\/www.bookacook.at\/index.php\/wp-json\/wp\/v2\/types\/page"}],"author":[{"embeddable":true,"href":"https:\/\/www.bookacook.at\/index.php\/wp-json\/wp\/v2\/users\/1"}],"replies":[{"embeddable":true,"href":"https:\/\/www.bookacook.at\/index.php\/wp-json\/wp\/v2\/comments?post=13126"}],"version-history":[{"count":14,"href":"https:\/\/www.bookacook.at\/index.php\/wp-json\/wp\/v2\/pages\/13126\/revisions"}],"predecessor-version":[{"id":13237,"href":"https:\/\/www.bookacook.at\/index.php\/wp-json\/wp\/v2\/pages\/13126\/revisions\/13237"}],"wp:attachment":[{"href":"https:\/\/www.bookacook.at\/index.php\/wp-json\/wp\/v2\/media?parent=13126"}],"curies":[{"name":"wp","href":"https:\/\/api.w.org\/{rel}","templated":true}]}}